{"id":1290,"date":"2025-09-11T14:09:12","date_gmt":"2025-09-11T07:09:12","guid":{"rendered":"https:\/\/demo.rphaiphong.vn\/executive-room"},"modified":"2026-02-24T09:19:16","modified_gmt":"2026-02-24T02:19:16","slug":"executive-room","status":"publish","type":"page","link":"https:\/\/haiphong.roygentparks.com\/en\/executive-room","title":{"rendered":"Executive Room"},"content":{"rendered":"  <div id=\"page-header-264195907\" class=\"page-header-wrapper\">\n  <div class=\"page-title dark featured-title\">\n\n        <div class=\"page-title-bg\">\n      <div class=\"title-bg fill bg-fill\"\n        data-parallax-container=\".page-title\"\n        data-parallax-background\n        data-parallax=\"-\">\n      <\/div>\n      <div class=\"title-overlay fill\"><\/div>\n    <\/div>\n    \n    <div class=\"page-title-inner container align-center text-center flex-row-col medium-flex-wrap\" >\n              <div class=\"title-wrapper uppercase is-xxlarge flex-col\">\n          <h1 class=\"entry-title mb-0\">\n            Executive Room          <\/h1>\n        <\/div>\n                    <div class=\"title-content flex-col\">\n        <div class=\"title-breadcrumbs pb-half pt-half\"><\/div>      <\/div>\n    <\/div>\n\n     \n<style>\n#page-header-264195907 .page-title-inner {\n  min-height: 250px;\n}\n#page-header-264195907 .title-bg {\n  background-image: url(https:\/\/haiphong.roygentparks.com\/wp-content\/uploads\/2025\/09\/banner-title.jpg);\n}\n<\/style>\n  <\/div>\n    <\/div>\n  \n\n\t<section class=\"section\" id=\"section_1656394463\">\n\t\t<div class=\"section-bg fill\" >\n\t\t\t\t\t\t\t\t\t\n\t\t\t\n\n\t\t<\/div>\n\n\t\t\n\n\t\t<div class=\"section-content relative\">\n\t\t\t\n<div class=\"row\"  id=\"row-673096930\">\n\n\t<div id=\"col-1954304411\" class=\"col small-12 large-12\"  >\n\t\t\t\t<div class=\"col-inner\"  >\n\t\t\t\n\t\t\t\n\t<div id=\"text-1818350451\" class=\"text\">\n\t\t\n<h2>Executive Room \u2015 The ideal combination of work and relaxation<\/h2>\n\t\t\n<style>\n#text-1818350451 {\n  font-size: 1.7rem;\n  text-align: center;\n  color: #c42d2d;\n}\n#text-1818350451 > * {\n  color: #c42d2d;\n}\n<\/style>\n\t<\/div>\n\t\n\t\t<\/div>\n\t\t\t\t\n<style>\n#col-1954304411 > .col-inner {\n  padding: 0px 0px 20px 0px;\n}\n<\/style>\n\t<\/div>\n\n\t\n<\/div>\n<div class=\"row align-middle\"  id=\"row-43557399\">\n\n\t<div id=\"col-1607273279\" class=\"col medium-6 small-12 large-6\"  >\n\t\t\t\t<div class=\"col-inner\"  >\n\t\t\t\n\t\t\t\n<div class=\"slider-wrapper relative\" id=\"slider-1646850901\" >\n    <div class=\"slider slider-nav-circle slider-nav-large slider-nav-light slider-style-normal\"\n        data-flickity-options='{\n            \"cellAlign\": \"center\",\n            \"imagesLoaded\": true,\n            \"lazyLoad\": 1,\n            \"freeScroll\": false,\n            \"wrapAround\": true,\n            \"autoPlay\": 6000,\n            \"pauseAutoPlayOnHover\" : true,\n            \"prevNextButtons\": true,\n            \"contain\" : true,\n            \"adaptiveHeight\" : true,\n            \"dragThreshold\" : 10,\n            \"percentPosition\": true,\n            \"pageDots\": true,\n            \"rightToLeft\": false,\n            \"draggable\": true,\n            \"selectedAttraction\": 0.1,\n            \"parallax\" : 0,\n            \"friction\": 0.6        }'\n        >\n        \n\t<div class=\"img has-hover x md-x lg-x y md-y lg-y\" id=\"image_1003198662\">\n\t\t\t\t\t\t\t\t<div class=\"img-inner image-cover dark\" style=\"padding-top:600px;\">\n\t\t\t<img loading=\"lazy\" decoding=\"async\" width=\"1080\" height=\"1080\" src=\"https:\/\/haiphong.roygentparks.com\/wp-content\/uploads\/2026\/02\/Anh-Ex.png\" class=\"attachment-original size-original\" alt=\"\" srcset=\"https:\/\/haiphong.roygentparks.com\/wp-content\/uploads\/2026\/02\/Anh-Ex.png 1080w, https:\/\/haiphong.roygentparks.com\/wp-content\/uploads\/2026\/02\/Anh-Ex-300x300.png 300w, https:\/\/haiphong.roygentparks.com\/wp-content\/uploads\/2026\/02\/Anh-Ex-1024x1024.png 1024w, https:\/\/haiphong.roygentparks.com\/wp-content\/uploads\/2026\/02\/Anh-Ex-150x150.png 150w, https:\/\/haiphong.roygentparks.com\/wp-content\/uploads\/2026\/02\/Anh-Ex-768x768.png 768w\" sizes=\"auto, (max-width: 1080px) 100vw, 1080px\" \/>\t\t\t\t\t\t\n\t\t\t\t\t<\/div>\n\t\t\t\t\t\t\t\t\n<style>\n#image_1003198662 {\n  width: 100%;\n}\n<\/style>\n\t<\/div>\n\t\n\t<div class=\"img has-hover x md-x lg-x y md-y lg-y\" id=\"image_771112783\">\n\t\t\t\t\t\t\t\t<div class=\"img-inner dark\" >\n\t\t\t<img loading=\"lazy\" decoding=\"async\" width=\"1020\" height=\"1020\" src=\"https:\/\/haiphong.roygentparks.com\/wp-content\/uploads\/2026\/02\/Anh-Ex-2-1024x1024.png\" class=\"attachment-large size-large\" alt=\"\" srcset=\"https:\/\/haiphong.roygentparks.com\/wp-content\/uploads\/2026\/02\/Anh-Ex-2-1024x1024.png 1024w, https:\/\/haiphong.roygentparks.com\/wp-content\/uploads\/2026\/02\/Anh-Ex-2-300x300.png 300w, https:\/\/haiphong.roygentparks.com\/wp-content\/uploads\/2026\/02\/Anh-Ex-2-150x150.png 150w, https:\/\/haiphong.roygentparks.com\/wp-content\/uploads\/2026\/02\/Anh-Ex-2-768x768.png 768w, https:\/\/haiphong.roygentparks.com\/wp-content\/uploads\/2026\/02\/Anh-Ex-2.png 1080w\" sizes=\"auto, (max-width: 1020px) 100vw, 1020px\" \/>\t\t\t\t\t\t\n\t\t\t\t\t<\/div>\n\t\t\t\t\t\t\t\t\n<style>\n#image_771112783 {\n  width: 100%;\n}\n<\/style>\n\t<\/div>\n\t\n\t<div class=\"img has-hover x md-x lg-x y md-y lg-y\" id=\"image_421703845\">\n\t\t\t\t\t\t\t\t<div class=\"img-inner dark\" >\n\t\t\t<img loading=\"lazy\" decoding=\"async\" width=\"1020\" height=\"1020\" src=\"https:\/\/haiphong.roygentparks.com\/wp-content\/uploads\/2026\/02\/Anh-Ex-3-1024x1024.png\" class=\"attachment-large size-large\" alt=\"\" srcset=\"https:\/\/haiphong.roygentparks.com\/wp-content\/uploads\/2026\/02\/Anh-Ex-3-1024x1024.png 1024w, https:\/\/haiphong.roygentparks.com\/wp-content\/uploads\/2026\/02\/Anh-Ex-3-300x300.png 300w, https:\/\/haiphong.roygentparks.com\/wp-content\/uploads\/2026\/02\/Anh-Ex-3-150x150.png 150w, https:\/\/haiphong.roygentparks.com\/wp-content\/uploads\/2026\/02\/Anh-Ex-3-768x768.png 768w, https:\/\/haiphong.roygentparks.com\/wp-content\/uploads\/2026\/02\/Anh-Ex-3.png 1080w\" sizes=\"auto, (max-width: 1020px) 100vw, 1020px\" \/>\t\t\t\t\t\t\n\t\t\t\t\t<\/div>\n\t\t\t\t\t\t\t\t\n<style>\n#image_421703845 {\n  width: 100%;\n}\n<\/style>\n\t<\/div>\n\t\n\t<div class=\"img has-hover x md-x lg-x y md-y lg-y\" id=\"image_1838959838\">\n\t\t\t\t\t\t\t\t<div class=\"img-inner dark\" >\n\t\t\t<img loading=\"lazy\" decoding=\"async\" width=\"1020\" height=\"1020\" src=\"https:\/\/haiphong.roygentparks.com\/wp-content\/uploads\/2026\/02\/Ex-P1.P4-1024x1024.png\" class=\"attachment-large size-large\" alt=\"\" srcset=\"https:\/\/haiphong.roygentparks.com\/wp-content\/uploads\/2026\/02\/Ex-P1.P4-1024x1024.png 1024w, https:\/\/haiphong.roygentparks.com\/wp-content\/uploads\/2026\/02\/Ex-P1.P4-300x300.png 300w, https:\/\/haiphong.roygentparks.com\/wp-content\/uploads\/2026\/02\/Ex-P1.P4-150x150.png 150w, https:\/\/haiphong.roygentparks.com\/wp-content\/uploads\/2026\/02\/Ex-P1.P4-768x768.png 768w, https:\/\/haiphong.roygentparks.com\/wp-content\/uploads\/2026\/02\/Ex-P1.P4.png 1080w\" sizes=\"auto, (max-width: 1020px) 100vw, 1020px\" \/>\t\t\t\t\t\t\n\t\t\t\t\t<\/div>\n\t\t\t\t\t\t\t\t\n<style>\n#image_1838959838 {\n  width: 100%;\n}\n<\/style>\n\t<\/div>\n\t\n\t<div class=\"img has-hover x md-x lg-x y md-y lg-y\" id=\"image_340814008\">\n\t\t\t\t\t\t\t\t<div class=\"img-inner dark\" >\n\t\t\t<img loading=\"lazy\" decoding=\"async\" width=\"1873\" height=\"1456\" src=\"https:\/\/haiphong.roygentparks.com\/wp-content\/uploads\/2026\/02\/type-P2.P5.png\" class=\"attachment-original size-original\" alt=\"\" srcset=\"https:\/\/haiphong.roygentparks.com\/wp-content\/uploads\/2026\/02\/type-P2.P5.png 1873w, https:\/\/haiphong.roygentparks.com\/wp-content\/uploads\/2026\/02\/type-P2.P5-300x233.png 300w, https:\/\/haiphong.roygentparks.com\/wp-content\/uploads\/2026\/02\/type-P2.P5-1024x796.png 1024w, https:\/\/haiphong.roygentparks.com\/wp-content\/uploads\/2026\/02\/type-P2.P5-768x597.png 768w, https:\/\/haiphong.roygentparks.com\/wp-content\/uploads\/2026\/02\/type-P2.P5-1536x1194.png 1536w\" sizes=\"auto, (max-width: 1873px) 100vw, 1873px\" \/>\t\t\t\t\t\t\n\t\t\t\t\t<\/div>\n\t\t\t\t\t\t\t\t\n<style>\n#image_340814008 {\n  width: 100%;\n}\n<\/style>\n\t<\/div>\n\t\n\t<div class=\"img has-hover x md-x lg-x y md-y lg-y\" id=\"image_1056906064\">\n\t\t\t\t\t\t\t\t<div class=\"img-inner dark\" >\n\t\t\t<img loading=\"lazy\" decoding=\"async\" width=\"1784\" height=\"1389\" src=\"https:\/\/haiphong.roygentparks.com\/wp-content\/uploads\/2026\/02\/type-P3.P6.png\" class=\"attachment-original size-original\" alt=\"\" srcset=\"https:\/\/haiphong.roygentparks.com\/wp-content\/uploads\/2026\/02\/type-P3.P6.png 1784w, https:\/\/haiphong.roygentparks.com\/wp-content\/uploads\/2026\/02\/type-P3.P6-300x234.png 300w, https:\/\/haiphong.roygentparks.com\/wp-content\/uploads\/2026\/02\/type-P3.P6-1024x797.png 1024w, https:\/\/haiphong.roygentparks.com\/wp-content\/uploads\/2026\/02\/type-P3.P6-768x598.png 768w, https:\/\/haiphong.roygentparks.com\/wp-content\/uploads\/2026\/02\/type-P3.P6-1536x1196.png 1536w\" sizes=\"auto, (max-width: 1784px) 100vw, 1784px\" \/>\t\t\t\t\t\t\n\t\t\t\t\t<\/div>\n\t\t\t\t\t\t\t\t\n<style>\n#image_1056906064 {\n  width: 100%;\n}\n<\/style>\n\t<\/div>\n\t\n\t<div class=\"img has-hover x md-x lg-x y md-y lg-y\" id=\"image_1712287423\">\n\t\t\t\t\t\t\t\t<div class=\"img-inner dark\" >\n\t\t\t<img loading=\"lazy\" decoding=\"async\" width=\"1721\" height=\"1242\" src=\"https:\/\/haiphong.roygentparks.com\/wp-content\/uploads\/2026\/02\/type-P7.png\" class=\"attachment-original size-original\" alt=\"\" srcset=\"https:\/\/haiphong.roygentparks.com\/wp-content\/uploads\/2026\/02\/type-P7.png 1721w, https:\/\/haiphong.roygentparks.com\/wp-content\/uploads\/2026\/02\/type-P7-300x217.png 300w, https:\/\/haiphong.roygentparks.com\/wp-content\/uploads\/2026\/02\/type-P7-1024x739.png 1024w, https:\/\/haiphong.roygentparks.com\/wp-content\/uploads\/2026\/02\/type-P7-768x554.png 768w, https:\/\/haiphong.roygentparks.com\/wp-content\/uploads\/2026\/02\/type-P7-1536x1108.png 1536w\" sizes=\"auto, (max-width: 1721px) 100vw, 1721px\" \/>\t\t\t\t\t\t\n\t\t\t\t\t<\/div>\n\t\t\t\t\t\t\t\t\n<style>\n#image_1712287423 {\n  width: 100%;\n}\n<\/style>\n\t<\/div>\n\t\n\t<div class=\"img has-hover x md-x lg-x y md-y lg-y\" id=\"image_1448578497\">\n\t\t\t\t\t\t\t\t<div class=\"img-inner dark\" >\n\t\t\t<img loading=\"lazy\" decoding=\"async\" width=\"1744\" height=\"1537\" src=\"https:\/\/haiphong.roygentparks.com\/wp-content\/uploads\/2026\/02\/Type-C.png\" class=\"attachment-original size-original\" alt=\"\" srcset=\"https:\/\/haiphong.roygentparks.com\/wp-content\/uploads\/2026\/02\/Type-C.png 1744w, https:\/\/haiphong.roygentparks.com\/wp-content\/uploads\/2026\/02\/Type-C-300x264.png 300w, https:\/\/haiphong.roygentparks.com\/wp-content\/uploads\/2026\/02\/Type-C-1024x902.png 1024w, https:\/\/haiphong.roygentparks.com\/wp-content\/uploads\/2026\/02\/Type-C-768x677.png 768w, https:\/\/haiphong.roygentparks.com\/wp-content\/uploads\/2026\/02\/Type-C-1536x1354.png 1536w\" sizes=\"auto, (max-width: 1744px) 100vw, 1744px\" \/>\t\t\t\t\t\t\n\t\t\t\t\t<\/div>\n\t\t\t\t\t\t\t\t\n<style>\n#image_1448578497 {\n  width: 100%;\n}\n<\/style>\n\t<\/div>\n\t\n     <\/div>\n\n     <div class=\"loading-spin dark large centered\"><\/div>\n\n\t<\/div>\n\n\n\t\t<\/div>\n\t\t\t\t\t<\/div>\n\n\t\n\n\t<div id=\"col-298402084\" class=\"col medium-6 small-12 large-6\"  >\n\t\t\t\t<div class=\"col-inner\"  >\n\t\t\t\n\t\t\t\n\t<div id=\"text-1058384051\" class=\"text\">\n\t\t\n<p>The Executive Room is a space that balances work and vacation, perfect for business travelers or long-term guests.<\/p>\n<p><strong>Room information:<\/strong><\/p>\n<ul>\n<li>Area: 58.1\uff5e77.6\u33a1, modern design with bright space filled with natural light<\/li>\n<li>Bed: Queen or king bed (using premium mattress &amp; soft cotton bed sheets)<\/li>\n<\/ul>\n<p><strong>Room facilities:<\/strong><\/p>\n<ul>\n<li>Air conditioning<\/li>\n<li>Flat screen TV (with cable channels)<\/li>\n<li>Spacious desk &amp; ergonomic chair<\/li>\n<li>Free Wi-Fi<\/li>\n<li>Separate living room space<\/li>\n<li>Refrigerator, electric kettle, free tea and coffee<\/li>\n<li>Wardrobe, safe<\/li>\n<\/ul>\n<p><strong>Bathroom:<\/strong><\/p>\n<ul>\n<li>Private bathroom (with shower or bathtub)<\/li>\n<li>Full amenities<\/li>\n<\/ul>\n<p><strong>Atmosphere:<\/strong><\/p>\n<ul>\n<li>Kh\u00f4ng gian v\u1eeba mang l\u1ea1i s\u1ef1 sang tr\u1ecdng v\u1eeba \u1ea5m c\u00fang, n\u01a1i qu\u00fd kh\u00e1ch c\u00f3 th\u1ec3 v\u1eeba th\u01b0 gi\u00e3n v\u1eeba l\u00e0m vi\u1ec7c hi\u1ec7u qu\u1ea3.<\/li>\n<\/ul>\n\t\t\n<style>\n#text-1058384051 {\n  line-height: 1.4;\n  color: rgb(0,0,0);\n}\n#text-1058384051 > * {\n  color: rgb(0,0,0);\n}\n<\/style>\n\t<\/div>\n\t\n\t\t<\/div>\n\t\t\t\t\t<\/div>\n\n\t\n<\/div>\n<div class=\"row\"  id=\"row-815819745\">\n\n\t<div id=\"col-1747239270\" class=\"col small-12 large-12\"  >\n\t\t\t\t<div class=\"col-inner text-center\"  >\n\t\t\t\n\t\t\t\n\t<div id=\"text-3894731843\" class=\"text\">\n\t\t\n<p><span style=\"color: #000000;\">Our Executive Rooms offer spacious and sophisticated spaces, ideal for those who want to work efficiently and enjoy relaxation. You will have a luxurious desk, comfortable chair, and a large bed with premium mattress to dispel fatigue after a busy day. Abundant natural light, modern design and attentive service will always make you feel comfortable as if you are in a luxury office combined with a warm resort.  <\/span><\/p>\n\t\t\n<style>\n#text-3894731843 {\n  line-height: 1.4;\n  text-align: left;\n}\n<\/style>\n\t<\/div>\n\t\n<a href=\"\/en\/booking\" class=\"button primary is-underline is-large\"  >\n\t\t<span>BOOKING NOW<\/span>\n\t<i class=\"icon-angle-right\" aria-hidden=\"true\" ><\/i><\/a>\n\n\t\t<\/div>\n\t\t\t\t\n<style>\n#col-1747239270 > .col-inner {\n  margin: 0px 0px -30px 0px;\n}\n<\/style>\n\t<\/div>\n\n\t\n<\/div>\n\t\t<\/div>\n\n\t\t\n<style>\n#section_1656394463 {\n  padding-top: 80px;\n  padding-bottom: 80px;\n}\n<\/style>\n\t<\/section>\n\t\n","protected":false},"excerpt":{"rendered":"","protected":false},"author":1,"featured_media":0,"parent":0,"menu_order":0,"comment_status":"closed","ping_status":"closed","template":"page-blank.php","meta":{"_seopress_robots_primary_cat":"","_seopress_titles_title":"","_seopress_titles_desc":"","_seopress_robots_index":"","footnotes":""},"class_list":["post-1290","page","type-page","status-publish","hentry"],"_links":{"self":[{"href":"https:\/\/haiphong.roygentparks.com\/en\/wp-json\/wp\/v2\/pages\/1290","targetHints":{"allow":["GET"]}}],"collection":[{"href":"https:\/\/haiphong.roygentparks.com\/en\/wp-json\/wp\/v2\/pages"}],"about":[{"href":"https:\/\/haiphong.roygentparks.com\/en\/wp-json\/wp\/v2\/types\/page"}],"author":[{"embeddable":true,"href":"https:\/\/haiphong.roygentparks.com\/en\/wp-json\/wp\/v2\/users\/1"}],"replies":[{"embeddable":true,"href":"https:\/\/haiphong.roygentparks.com\/en\/wp-json\/wp\/v2\/comments?post=1290"}],"version-history":[{"count":0,"href":"https:\/\/haiphong.roygentparks.com\/en\/wp-json\/wp\/v2\/pages\/1290\/revisions"}],"wp:attachment":[{"href":"https:\/\/haiphong.roygentparks.com\/en\/wp-json\/wp\/v2\/media?parent=1290"}],"curies":[{"name":"wp","href":"https:\/\/api.w.org\/{rel}","templated":true}]}}